{"id":11,"date":"2015-10-05T13:52:39","date_gmt":"2015-10-05T13:52:39","guid":{"rendered":"http:\/\/piracicaba.comunicacaosindical.com\/?page_id=11"},"modified":"2015-10-05T13:52:39","modified_gmt":"2015-10-05T13:52:39","slug":"palavra-do-presidente","status":"publish","type":"page","link":"https:\/\/stiap.com.br\/stiap\/palavra-do-presidente\/","title":{"rendered":"Palavra do Presidente"},"content":{"rendered":"<p><strong>Orgulho de Presidir o Sindicato<\/strong><\/p>\n<p>O nosso Sindicato acaba de completar 60 anos e tenho a plena convic\u00e7\u00e3o de que tem um trabalho forte na defesa do direito dos trabalhadores, sendo uma refer\u00eancia de luta na nossa cidade, na nossa regi\u00e3o, no nosso Estado. Assumi a presid\u00eancia do Sindicato, onde j\u00e1 atuava desde o final da d\u00e9cada de 80, no in\u00edcio de novembro de 1997, com o falecimento do meu amigo e companheiro Antonio Geraldin. Meu nome foi escolhido pela diretoria, por unanimidade e ratificado pelo coletivo sindical e associados, e hoje posso dizer que tenho muito orgulho de estar \u00e0 sua frente e o entendimento de que um Sindicato tem que expressar a vontade da sua categoria.<\/p>\n<p>O Sindicato tem papel fundamental na vida de cada trabalhador, uma vez que \u00e9 quem negocia os acordos coletivos, que garante o reajuste do nosso sal\u00e1rio, \u00e9 quem negocia o PPR (Plano de Participa\u00e7\u00e3o no Resultado), horas extras com valores acima do que estabelece a legisla\u00e7\u00e3o, \u00e9 quem pressiona e at\u00e9 chega a \u201cbrigar\u201d com os empres\u00e1rios para conseguir o fornecimento de cesta b\u00e1sica de alimentos, planos de sa\u00fade, alimenta\u00e7\u00e3o na empresa, transporte, enfim, boas condi\u00e7\u00f5es de trabalho.<\/p>\n<p>Ao longo destes 13 anos \u00e0 frente do Sindicato, n\u00e3o temos nos furtado deste importante papel, at\u00e9 porque desde a implanta\u00e7\u00e3o do Plano Real, em 1994, no Brasil, n\u00e3o h\u00e1 nenhuma lei que garante reajuste salarial. A \u00fanica garantia \u00e9 o sal\u00e1rio m\u00ednimo. Existe, sim, a data-base de negocia\u00e7\u00e3o, mas sem o Sindicato, com certeza, n\u00e3o haveria reajuste salarial e muito menos pisos salariais acima do valor do sal\u00e1rio m\u00ednimo. Por tudo isso, entendo que o Sindicato \u00e9 muito importante na vida do trabalhador e nossa diretoria tem pleno conhecimento desta miss\u00e3o e n\u00e3o tem medido esfor\u00e7os para colocar tudo isso em pr\u00e1tica, tanto que, ao longo deste anos, temos conquistado avan\u00e7os significativos \u00e0 nossa categoria, desde reajustes salariais acima da infla\u00e7\u00e3o at\u00e9 significativas melhoras nos ambientes de trabalho, garantindo mais qualidade de vida ao trabalhador.<\/p>\n<p>O nosso Sindicato tamb\u00e9m tem participado ativamente de in\u00fameras lutas, como pelo fim do fator previdenci\u00e1rio na aposentadoria, pela redu\u00e7\u00e3o da jornada de trabalho, contra os ataques \u00e0 legisla\u00e7\u00e3o trabalhista (CLT).<\/p>\n<p>Al\u00e9m desta luta, que a hist\u00f3ria revela que sempre foi palavra de ordem ao longo destes 60 anos, o nosso Sindicato tamb\u00e9m tem preocupa\u00e7\u00e3o de oferecer aos associados um leque de servi\u00e7os, como dentista, m\u00e9dico, clube social recreativo, cabeleireiro, advogados para causas trabalhistas, e um grande n\u00famero de conv\u00eanios, entre outras vantagens.<\/p>\n<p>Somos uma grande fam\u00edlia, com disposi\u00e7\u00e3o de muita luta e que tamb\u00e9m pensa no bem-estar dos trabalhadores e dos seus dependentes. Por isso, aproveito para convidar os trabalhadores da nossa categoria, que ainda n\u00e3o s\u00e3o s\u00f3cios, para que se associem j\u00e1 e passem a fazer parte da fam\u00edlia dos trabalhadores das ind\u00fastrias de alimenta\u00e7\u00e3o de Piracicaba e Regi\u00e3o.\u00a0 Al\u00e9m dos in\u00fameros benef\u00edcios, ficando s\u00f3cio o trabalhador tamb\u00e9m passa a ajudar a fortalecer ainda mais o Sindicato para lutar por melhores sal\u00e1rios e condi\u00e7\u00f5es de trabalho para todos os trabalhadores do nosso setor. A uni\u00e3o faz a nossa for\u00e7a.<\/p>\n<p><strong>F\u00e2nio Luis Gomes<\/strong> \u00e9 presidente do Sindicato dos Trabalhadores nas Ind\u00fastrias de Alimenta\u00e7\u00e3o de Piracicaba<\/p>\n<p>Diretor da Federa\u00e7\u00e3o dos Trabalhadores nas Industrias de Alimenta\u00e7\u00e3o do Estado de S\u00e3o Paulo<\/p>\n<p>E Coordenador Regional da Central For\u00e7a Sindical.<\/p>\n","protected":false},"excerpt":{"rendered":"<p>Orgulho de Presidir o Sindicato O nosso Sindicato acaba de completar 60 anos e tenho a plena convic\u00e7\u00e3o de que<\/p>\n","protected":false},"author":3,"featured_media":0,"parent":0,"menu_order":0,"comment_status":"closed","ping_status":"closed","template":"","meta":{"ngg_post_thumbnail":0,"_links_to":"","_links_to_target":""},"_links":{"self":[{"href":"https:\/\/stiap.com.br\/stiap\/wp-json\/wp\/v2\/pages\/11"}],"collection":[{"href":"https:\/\/stiap.com.br\/stiap\/wp-json\/wp\/v2\/pages"}],"about":[{"href":"https:\/\/stiap.com.br\/stiap\/wp-json\/wp\/v2\/types\/page"}],"author":[{"embeddable":true,"href":"https:\/\/stiap.com.br\/stiap\/wp-json\/wp\/v2\/users\/3"}],"replies":[{"embeddable":true,"href":"https:\/\/stiap.com.br\/stiap\/wp-json\/wp\/v2\/comments?post=11"}],"version-history":[{"count":1,"href":"https:\/\/stiap.com.br\/stiap\/wp-json\/wp\/v2\/pages\/11\/revisions"}],"predecessor-version":[{"id":12,"href":"https:\/\/stiap.com.br\/stiap\/wp-json\/wp\/v2\/pages\/11\/revisions\/12"}],"wp:attachment":[{"href":"https:\/\/stiap.com.br\/stiap\/wp-json\/wp\/v2\/media?parent=11"}],"curies":[{"name":"wp","href":"https:\/\/api.w.org\/{rel}","templated":true}]}}