{"id":13,"date":"2015-10-05T13:52:55","date_gmt":"2015-10-05T13:52:55","guid":{"rendered":"http:\/\/piracicaba.comunicacaosindical.com\/?page_id=13"},"modified":"2016-10-17T12:08:47","modified_gmt":"2016-10-17T14:08:47","slug":"onde-estamos","status":"publish","type":"page","link":"https:\/\/stiap.com.br\/stiap\/onde-estamos\/","title":{"rendered":"Onde estamos"},"content":{"rendered":"<p><a href=\"http:\/\/stiap.com.br\/wp-content\/uploads\/2015\/10\/IMG_7057.jpg\"><img decoding=\"async\" loading=\"lazy\" class=\"aligncenter wp-image-237 size-large\" src=\"http:\/\/stiap.com.br\/wp-content\/uploads\/2015\/10\/IMG_7057-1024x683.jpg\" alt=\"IMG_7057\" width=\"800\" height=\"534\" srcset=\"https:\/\/stiap.com.br\/stiap\/wp-content\/uploads\/2015\/10\/IMG_7057-1024x683.jpg 1024w, https:\/\/stiap.com.br\/stiap\/wp-content\/uploads\/2015\/10\/IMG_7057-300x200.jpg 300w, https:\/\/stiap.com.br\/stiap\/wp-content\/uploads\/2015\/10\/IMG_7057-768x512.jpg 768w\" sizes=\"(max-width: 800px) 100vw, 800px\" \/><\/a><\/p>\n<p>O Sindicato da Alimenta\u00e7\u00e3o de Piracicaba atende as seguintes cidades:<br \/>\nPiracicaba, Americana, Santa Barbara D&#8217;Oeste, Rio das Pedras, Charqueada, \u00c1guas de S\u00e3o Pedro, S\u00e3o Pedro, Santa Maria da Serra, Saltinho, Tiet\u00ea e Jumirim.<\/p>\n<p>Abaixo, os dados para contato com a nossa sede e das filiais, veja a qual \u00e9 mais pr\u00f3xima de voc\u00ea:<strong><br \/>\n<\/strong><\/p>\n<p><strong>Sede Piracicaba<\/strong><br \/>\nHor\u00e1rio de funcionamento: Segunda \u00e0 Sexta das 8:00hs \u00e0s 19:00hs.<br \/>\nRua Morais Barros, 411 &#8211; Piracicaba &#8211; SP<br \/>\nCEP: <span class=\"pp-headline-item pp-headline-address\" dir=\"ltr\">13400-353<\/span><br \/>\nFone (19) 3437 3700<br \/>\ne-mail: <a href=\"mailto:sindicato@stiap.com.br\">sindicato@stiap.com.br<\/a><\/p>\n<p><iframe loading=\"lazy\" style=\"border: 0;\" src=\"https:\/\/www.google.com\/maps\/embed?pb=!1m18!1m12!1m3!1d3680.11933675313!2d-47.6542653850378!3d-22.72380538510518!2m3!1f0!2f0!3f0!3m2!1i1024!2i768!4f13.1!3m3!1m2!1s0x1561bfa5408e7db%3A0x1e8c0b42adc6846d!2sSindicato+dos+Trabalhadores+nas+Ind%C3%BAstrias+de+Alimenta%C3%A7%C3%A3o+de+Piracicaba!5e0!3m2!1spt-BR!2sbr!4v1466707544941\" width=\"600\" height=\"450\" frameborder=\"0\" allowfullscreen=\"allowfullscreen\"><\/iframe><\/p>\n","protected":false},"excerpt":{"rendered":"<p>O Sindicato da Alimenta\u00e7\u00e3o de Piracicaba atende as seguintes cidades: Piracicaba, Americana, Santa Barbara D&#8217;Oeste, Rio das Pedras, Charqueada, \u00c1guas<\/p>\n","protected":false},"author":3,"featured_media":0,"parent":0,"menu_order":0,"comment_status":"closed","ping_status":"closed","template":"","meta":{"ngg_post_thumbnail":0,"_links_to":"","_links_to_target":""},"_links":{"self":[{"href":"https:\/\/stiap.com.br\/stiap\/wp-json\/wp\/v2\/pages\/13"}],"collection":[{"href":"https:\/\/stiap.com.br\/stiap\/wp-json\/wp\/v2\/pages"}],"about":[{"href":"https:\/\/stiap.com.br\/stiap\/wp-json\/wp\/v2\/types\/page"}],"author":[{"embeddable":true,"href":"https:\/\/stiap.com.br\/stiap\/wp-json\/wp\/v2\/users\/3"}],"replies":[{"embeddable":true,"href":"https:\/\/stiap.com.br\/stiap\/wp-json\/wp\/v2\/comments?post=13"}],"version-history":[{"count":10,"href":"https:\/\/stiap.com.br\/stiap\/wp-json\/wp\/v2\/pages\/13\/revisions"}],"predecessor-version":[{"id":859,"href":"https:\/\/stiap.com.br\/stiap\/wp-json\/wp\/v2\/pages\/13\/revisions\/859"}],"wp:attachment":[{"href":"https:\/\/stiap.com.br\/stiap\/wp-json\/wp\/v2\/media?parent=13"}],"curies":[{"name":"wp","href":"https:\/\/api.w.org\/{rel}","templated":true}]}}