{"id":30,"date":"2015-10-05T14:08:27","date_gmt":"2015-10-05T14:08:27","guid":{"rendered":"http:\/\/piracicaba.comunicacaosindical.com\/?page_id=30"},"modified":"2015-10-05T14:08:27","modified_gmt":"2015-10-05T14:08:27","slug":"diretoria","status":"publish","type":"page","link":"https:\/\/stiap.com.br\/stiap\/diretoria\/","title":{"rendered":"Diretoria"},"content":{"rendered":"<p><strong>P\u00e1gina em constru\u00e7\u00e3o.<\/strong><\/p>\n","protected":false},"excerpt":{"rendered":"<p>P\u00e1gina em constru\u00e7\u00e3o.<\/p>\n","protected":false},"author":3,"featured_media":0,"parent":0,"menu_order":0,"comment_status":"closed","ping_status":"closed","template":"","meta":{"ngg_post_thumbnail":0,"_links_to":"","_links_to_target":""},"_links":{"self":[{"href":"https:\/\/stiap.com.br\/stiap\/wp-json\/wp\/v2\/pages\/30"}],"collection":[{"href":"https:\/\/stiap.com.br\/stiap\/wp-json\/wp\/v2\/pages"}],"about":[{"href":"https:\/\/stiap.com.br\/stiap\/wp-json\/wp\/v2\/types\/page"}],"author":[{"embeddable":true,"href":"https:\/\/stiap.com.br\/stiap\/wp-json\/wp\/v2\/users\/3"}],"replies":[{"embeddable":true,"href":"https:\/\/stiap.com.br\/stiap\/wp-json\/wp\/v2\/comments?post=30"}],"version-history":[{"count":1,"href":"https:\/\/stiap.com.br\/stiap\/wp-json\/wp\/v2\/pages\/30\/revisions"}],"predecessor-version":[{"id":31,"href":"https:\/\/stiap.com.br\/stiap\/wp-json\/wp\/v2\/pages\/30\/revisions\/31"}],"wp:attachment":[{"href":"https:\/\/stiap.com.br\/stiap\/wp-json\/wp\/v2\/media?parent=30"}],"curies":[{"name":"wp","href":"https:\/\/api.w.org\/{rel}","templated":true}]}}