{"id":44,"date":"2015-10-05T14:11:52","date_gmt":"2015-10-05T14:11:52","guid":{"rendered":"http:\/\/piracicaba.comunicacaosindical.com\/?page_id=44"},"modified":"2025-02-06T11:47:29","modified_gmt":"2025-02-06T14:47:29","slug":"assistencia-odontologica","status":"publish","type":"page","link":"https:\/\/stiap.com.br\/stiap\/assistencia-odontologica\/","title":{"rendered":"Assist\u00eancia Odontol\u00f3gica"},"content":{"rendered":"<p><strong>Assist\u00eancia Odontol\u00f3gica<\/strong><\/p>\n<p><em><strong><span style=\"color: #ff0000;\">(Atendimento com Hora Marcada)<\/span><\/strong><\/em><\/p>\n<p><em><strong>Sede Piracicaba:<\/strong><\/em><\/p>\n<p>\u2022 Ter\u00e7a-feira das 13:00hs \u00e0s 17:00hs<\/p>\n<p>\u2022 Quinta-feira das 08:00hs \u00e0s 12:00hs<\/p>\n<p>\u2022 Sexta-feira das 08:00hs \u00e0s 12:00hs<\/p>\n<p>&nbsp;<\/p>\n<p><em><strong>Sub-Sede Rio das Pedras:<\/strong><\/em><\/p>\n<p>\u2022 Todas as quartas-feiras das 15:00hs as 18:00hs<\/p>\n","protected":false},"excerpt":{"rendered":"<p>Assist\u00eancia Odontol\u00f3gica (Atendimento com Hora Marcada) Sede Piracicaba: \u2022 Ter\u00e7a-feira das 13:00hs \u00e0s 17:00hs \u2022 Quinta-feira das 08:00hs \u00e0s 12:00hs<\/p>\n","protected":false},"author":3,"featured_media":0,"parent":0,"menu_order":0,"comment_status":"closed","ping_status":"closed","template":"","meta":{"ngg_post_thumbnail":0,"_links_to":"","_links_to_target":""},"_links":{"self":[{"href":"https:\/\/stiap.com.br\/stiap\/wp-json\/wp\/v2\/pages\/44"}],"collection":[{"href":"https:\/\/stiap.com.br\/stiap\/wp-json\/wp\/v2\/pages"}],"about":[{"href":"https:\/\/stiap.com.br\/stiap\/wp-json\/wp\/v2\/types\/page"}],"author":[{"embeddable":true,"href":"https:\/\/stiap.com.br\/stiap\/wp-json\/wp\/v2\/users\/3"}],"replies":[{"embeddable":true,"href":"https:\/\/stiap.com.br\/stiap\/wp-json\/wp\/v2\/comments?post=44"}],"version-history":[{"count":4,"href":"https:\/\/stiap.com.br\/stiap\/wp-json\/wp\/v2\/pages\/44\/revisions"}],"predecessor-version":[{"id":5719,"href":"https:\/\/stiap.com.br\/stiap\/wp-json\/wp\/v2\/pages\/44\/revisions\/5719"}],"wp:attachment":[{"href":"https:\/\/stiap.com.br\/stiap\/wp-json\/wp\/v2\/media?parent=44"}],"curies":[{"name":"wp","href":"https:\/\/api.w.org\/{rel}","templated":true}]}}